{"id":24714,"date":"2021-05-12T21:58:23","date_gmt":"2021-05-12T19:58:23","guid":{"rendered":"https:\/\/hundeschule-klaudia-reinermann.de\/?page_id=24714"},"modified":"2025-04-17T14:30:02","modified_gmt":"2025-04-17T12:30:02","slug":"impressum","status":"publish","type":"page","link":"https:\/\/hundeschule-klaudia-reinermann.de\/?page_id=24714","title":{"rendered":"Impressum"},"content":{"rendered":"<p>[et_pb_section fb_built=&#8220;1&#8243; admin_label=&#8220;Contact Info&#8220; _builder_version=&#8220;4.16&#8243; custom_padding=&#8220;40px||110px|||&#8220; locked=&#8220;off&#8220; global_colors_info=&#8220;{}&#8220;][et_pb_row column_structure=&#8220;1_2,1_2&#8243; _builder_version=&#8220;4.16&#8243; background_size=&#8220;initial&#8220; background_position=&#8220;top_left&#8220; background_repeat=&#8220;repeat&#8220; global_colors_info=&#8220;{}&#8220; custom_padding=&#8220;8px|||||&#8220;][et_pb_column type=&#8220;1_2&#8243; _builder_version=&#8220;4.16&#8243; custom_padding=&#8220;|||&#8220; global_colors_info=&#8220;{}&#8220; custom_padding__hover=&#8220;|||&#8220;][et_pb_text admin_label=&#8220;Title&#8220; _builder_version=&#8220;4.27.4&#8243; text_font=&#8220;||||&#8220; text_text_color=&#8220;#1a1a1a&#8220; header_font=&#8220;|700||on|||||&#8220; header_text_align=&#8220;left&#8220; header_font_size=&#8220;55px&#8220; header_line_height=&#8220;1.3em&#8220; background_size=&#8220;initial&#8220; background_position=&#8220;top_left&#8220; background_repeat=&#8220;repeat&#8220; max_width=&#8220;450px&#8220; custom_margin=&#8220;|||&#8220; custom_padding=&#8220;|||&#8220; animation_style=&#8220;slide&#8220; animation_direction=&#8220;top&#8220; animation_intensity_slide=&#8220;10%&#8220; header_font_size_tablet=&#8220;55px&#8220; header_font_size_phone=&#8220;36px&#8220; header_font_size_last_edited=&#8220;on|desktop&#8220; locked=&#8220;off&#8220; global_colors_info=&#8220;{}&#8220;]<\/p>\n<h1>Impressum<\/h1>\n<p>[\/et_pb_text][et_pb_divider color=&#8220;#ed4441&#8243; divider_position=&#8220;center&#8220; divider_weight=&#8220;3px&#8220; disabled_on=&#8220;off|off|off%22&#8243; _builder_version=&#8220;4.16&#8243; max_width=&#8220;150px&#8220; height=&#8220;false&#8220; custom_margin=&#8220;30px|||&#8220; animation_style=&#8220;slide&#8220; animation_direction=&#8220;top&#8220; animation_delay=&#8220;100ms&#8220; animation_intensity_slide=&#8220;10%&#8220; locked=&#8220;off&#8220; global_colors_info=&#8220;{}&#8220;][\/et_pb_divider][et_pb_text admin_label=&#8220;Sub Title&#8220; _builder_version=&#8220;4.16&#8243; text_font=&#8220;Roboto||||&#8220; text_text_color=&#8220;#1a1a1a&#8220; text_font_size=&#8220;24px&#8220; text_line_height=&#8220;1.4em&#8220; background_size=&#8220;initial&#8220; background_position=&#8220;top_left&#8220; background_repeat=&#8220;repeat&#8220; max_width=&#8220;450px&#8220; custom_padding=&#8220;30px|||&#8220; animation_style=&#8220;slide&#8220; animation_direction=&#8220;top&#8220; animation_delay=&#8220;200ms&#8220; animation_intensity_slide=&#8220;10%&#8220; locked=&#8220;off&#8220; global_colors_info=&#8220;{}&#8220;]<\/p>\n<p>Angaben gem\u00e4\u00df \u00a7 5 TMG<\/p>\n<p>[\/et_pb_text][\/et_pb_column][et_pb_column type=&#8220;1_2&#8243; _builder_version=&#8220;4.16&#8243; custom_padding=&#8220;|||&#8220; global_colors_info=&#8220;{}&#8220; custom_padding__hover=&#8220;|||&#8220;][et_pb_text _builder_version=&#8220;4.16&#8243; text_font=&#8220;Roboto||||&#8220; text_font_size=&#8220;16px&#8220; text_line_height=&#8220;1.9em&#8220; background_size=&#8220;initial&#8220; background_position=&#8220;top_left&#8220; background_repeat=&#8220;repeat&#8220; max_width=&#8220;450px&#8220; custom_margin=&#8220;|||&#8220; custom_padding=&#8220;|||&#8220; animation_style=&#8220;slide&#8220; animation_direction=&#8220;top&#8220; animation_delay=&#8220;400ms&#8220; animation_intensity_slide=&#8220;4%&#8220; locked=&#8220;off&#8220; global_colors_info=&#8220;{}&#8220;]<\/p>\n<p>Klaudia Reinermann<\/p>\n<p>Zertifizierte Hundetrainerin nach D.O.Q. Pro gem. \u00a7 11 TierSchG<\/p>\n<p>Hundeschule Klaudia Reinermann<\/p>\n<p>Hangenau 35<\/p>\n<p>48301 Nottuln-Appelh\u00fclsen<\/p>\n<p>&nbsp;<\/p>\n<p>Kontakt: <a href=\"mailto:klaurein67@gmail.com\">klaurein67@gmail.com<\/a><\/p>\n<p>&nbsp;<\/p>\n<p><strong>Aufsichtsbeh\u00f6rde<\/strong><\/p>\n<p>Veterin\u00e4ramt Coesfeld<strong><\/strong><\/p>\n<p>Daruper Str. 5<\/p>\n<p>48653 Coesfeld<\/p>\n<p>&nbsp;<\/p>\n<p class=\"font_8\"><strong><span wfd-id=\"3814\">EU-Streitschlichtung<\/span><\/strong><\/p>\n<p class=\"font_8\"><span wfd-id=\"3813\">Die Europ\u00e4ische Kommission stellt eine Plattform zur Online-Streitbeilegung (OS) bereit:\u00a0<object height=\"0\"><a data-auto-recognition=\"true\" href=\"https:\/\/ec.europa.eu\/consumers\/odr.\" target=\"_blank\" rel=\"noopener\">https:\/\/ec.europa.eu\/consumers\/odr.<\/a><\/object><br \/>Unsere E-Mail-Adresse finden Sie oben im Impressum.<\/span><\/p>\n<p class=\"font_8\"><span wfd-id=\"3812\"><\/span><\/p>\n<p class=\"font_8\"><strong><span wfd-id=\"3811\">Haftung f\u00fcr Inhalte<\/span><\/strong><\/p>\n<p class=\"font_8\"><span wfd-id=\"3810\">Als Diensteanbieter sind wir gem\u00e4\u00df \u00a7 7 Abs.1 TMG f\u00fcr eigene Inhalte auf diesen Seiten nach den allgemeinen Gesetzen verantwortlich. Nach \u00a7\u00a7 8 bis 10 TMG sind wir als Diensteanbieter jedoch nicht verpflichtet, \u00fcbermittelte oder gespeicherte fremde Informationen zu \u00fcberwachen oder nach Umst\u00e4nden zu forschen, die auf eine rechtswidrige T\u00e4tigkeit hinweisen.<\/span><\/p>\n<p class=\"font_8\"><span wfd-id=\"3809\">Verpflichtungen zur Entfernung oder Sperrung der Nutzung von Informationen nach den allgemeinen Gesetzen bleiben hiervon unber\u00fchrt. Eine diesbez\u00fcgliche Haftung ist jedoch erst ab dem Zeitpunkt der Kenntnis einer konkreten Rechtsverletzung m\u00f6glich. Bei Bekanntwerden von entsprechenden Rechtsverletzungen werden wir diese Inhalte umgehend entfernen.<\/span><\/p>\n<p class=\"font_8\"><span wfd-id=\"3807\"><span class=\"wixGuard\" wfd-id=\"3808\">\u200b<\/span><\/span><\/p>\n<p class=\"font_8\"><strong><span wfd-id=\"3806\">Haftung f\u00fcr Links<\/span><\/strong><\/p>\n<p class=\"font_8\"><span wfd-id=\"3805\">Unser Angebot enth\u00e4lt Links zu externen Websites Dritter, auf deren Inhalte wir keinen Einfluss haben. Deshalb k\u00f6nnen wir f\u00fcr diese fremden Inhalte auch keine Gew\u00e4hr \u00fcbernehmen. F\u00fcr die Inhalte der verlinkten Seiten ist stets der jeweilige Anbieter oder Betreiber der Seiten verantwortlich. Die verlinkten Seiten wurden zum Zeitpunkt der Verlinkung auf m\u00f6gliche Rechtsverst\u00f6\u00dfe \u00fcberpr\u00fcft. Rechtswidrige Inhalte waren zum Zeitpunkt der Verlinkung nicht erkennbar.<\/span><\/p>\n<p class=\"font_8\"><span wfd-id=\"3804\">Eine permanente inhaltliche Kontrolle der verlinkten Seiten ist jedoch ohne konkrete Anhaltspunkte einer Rechtsverletzung nicht zumutbar. Bei Bekanntwerden von Rechtsverletzungen werden wir derartige Links umgehend entfernen.<\/span><\/p>\n<p class=\"font_8\"><span wfd-id=\"3802\"><span class=\"wixGuard\" wfd-id=\"3803\">\u200b<\/span><\/span><\/p>\n<p class=\"font_8\"><strong><span wfd-id=\"3801\">Urheberrecht<\/span><\/strong><\/p>\n<p class=\"font_8\"><span wfd-id=\"3800\">Die durch die Seitenbetreiber erstellten Inhalte und Werke auf diesen Seiten unterliegen dem deutschen Urheberrecht. Die Vervielf\u00e4ltigung, Bearbeitung, Verbreitung und jede Art der Verwertung au\u00dferhalb der Grenzen des Urheberrechtes bed\u00fcrfen der schriftlichen Zustimmung des jeweiligen Autors bzw. Erstellers. Downloads und Kopien dieser Seite sind nur f\u00fcr den privaten, nicht kommerziellen Gebrauch gestattet.<\/span><\/p>\n<p class=\"font_8\"><span wfd-id=\"3799\">Soweit die Inhalte auf dieser Seite nicht vom Betreiber erstellt wurden, werden die Urheberrechte Dritter beachtet. Insbesondere werden Inhalte Dritter als solche gekennzeichnet. Sollten Sie trotzdem auf eine Urheberrechtsverletzung aufmerksam werden, bitten wir um einen entsprechenden Hinweis. Bei Bekanntwerden von Rechtsverletzungen werden wir derartige Inhalte umgehend entfernen.<\/span><\/p>\n<p class=\"font_8\"><span wfd-id=\"3797\"><span class=\"wixGuard\" wfd-id=\"3798\">\u200b<\/span><\/span><\/p>\n<p class=\"font_8\"><span wfd-id=\"3796\">Quelle:<\/span><\/p>\n<p class=\"font_8\"><span wfd-id=\"3795\">e-recht24.de<\/span><\/p>\n<p>[\/et_pb_text][\/et_pb_column][\/et_pb_row][et_pb_row column_structure=&#8220;1_3,1_3,1_3&#8243; admin_label=&#8220;Row&#8220; _builder_version=&#8220;4.16&#8243; custom_padding=&#8220;70px|||&#8220; locked=&#8220;off&#8220; global_colors_info=&#8220;{}&#8220;][et_pb_column type=&#8220;1_3&#8243; _builder_version=&#8220;4.16&#8243; custom_padding=&#8220;|||&#8220; global_colors_info=&#8220;{}&#8220; custom_padding__hover=&#8220;|||&#8220;][et_pb_blurb title=&#8220;Besuchen Sie uns&#8220; use_icon=&#8220;on&#8220; font_icon=&#8220;&#xe081;||divi||400&#8243; icon_color=&#8220;#ed4441&#8243; image_icon_background_color=&#8220;rgba(255,255,255,0)&#8220; image_icon_width=&#8220;36px&#8220; _builder_version=&#8220;4.16&#8243; header_font=&#8220;Oswald|on||on|&#8220; header_text_color=&#8220;#1a1a1a&#8220; header_font_size=&#8220;24px&#8220; header_line_height=&#8220;1.9em&#8220; body_font=&#8220;Roboto||||&#8220; body_font_size=&#8220;16px&#8220; body_line_height=&#8220;1.8em&#8220; background_color=&#8220;#f4f4f4&#8243; background_size=&#8220;initial&#8220; background_position=&#8220;top_left&#8220; background_repeat=&#8220;repeat&#8220; image_icon_custom_padding=&#8220;25px|25px|25px|25px|false|false&#8220; text_orientation=&#8220;center&#8220; custom_padding=&#8220;60px||60px|&#8220; animation_style=&#8220;fold&#8220; animation_direction=&#8220;right&#8220; animation_intensity_fold=&#8220;41%&#8220; border_radii_image=&#8220;on|100%|100%|100%|100%&#8220; border_width_all_image=&#8220;3px&#8220; border_color_all_image=&#8220;#ed4441&#8243; icon_font_size=&#8220;36px&#8220; use_circle=&#8220;on&#8220; use_circle_border=&#8220;on&#8220; circle_border_color=&#8220;#ed4441&#8243; circle_color=&#8220;rgba(255,255,255,0)&#8220; global_colors_info=&#8220;{}&#8220; image_icon_background_color__sticky_enabled=&#8220;#2ea3f2&#8243; image_icon_background_color__sticky=&#8220;#2ea3f2&#8243;]<\/p>\n<p>Hangenau 35<\/p>\n<p>48301 Nottuln-Appelh\u00fclsen<\/p>\n<p>[\/et_pb_blurb][\/et_pb_column][et_pb_column type=&#8220;1_3&#8243; _builder_version=&#8220;4.16&#8243; custom_padding=&#8220;|||&#8220; global_colors_info=&#8220;{}&#8220; custom_padding__hover=&#8220;|||&#8220;][et_pb_blurb title=&#8220;Rufen Sie uns an&#8220; use_icon=&#8220;on&#8220; font_icon=&#8220;&#xe090;||divi||400&#8243; icon_color=&#8220;#ed4441&#8243; image_icon_background_color=&#8220;rgba(255,255,255,0)&#8220; image_icon_width=&#8220;36px&#8220; _builder_version=&#8220;4.16&#8243; header_font=&#8220;Oswald|on||on|&#8220; header_text_color=&#8220;#1a1a1a&#8220; header_font_size=&#8220;24px&#8220; header_line_height=&#8220;1.9em&#8220; body_font=&#8220;Roboto||||&#8220; body_font_size=&#8220;16px&#8220; body_line_height=&#8220;1.8em&#8220; background_color=&#8220;#f4f4f4&#8243; background_size=&#8220;initial&#8220; background_position=&#8220;top_left&#8220; background_repeat=&#8220;repeat&#8220; image_icon_custom_padding=&#8220;25px|25px|25px|25px|false|false&#8220; text_orientation=&#8220;center&#8220; custom_padding=&#8220;60px||60px|&#8220; border_radii_image=&#8220;on|100%|100%|100%|100%&#8220; border_width_all_image=&#8220;3px&#8220; border_color_all_image=&#8220;#ed4441&#8243; icon_font_size=&#8220;36px&#8220; use_circle=&#8220;on&#8220; use_circle_border=&#8220;on&#8220; circle_border_color=&#8220;#ed4441&#8243; circle_color=&#8220;rgba(255,255,255,0)&#8220; global_colors_info=&#8220;{}&#8220; image_icon_background_color__sticky_enabled=&#8220;#2ea3f2&#8243; image_icon_background_color__sticky=&#8220;#2ea3f2&#8243;]<\/p>\n<p><a href=\"tel:#\">\u00a00173 5374509<\/a>\u00a0<\/p>\n<p>&nbsp;<\/p>\n<p>[\/et_pb_blurb][\/et_pb_column][et_pb_column type=&#8220;1_3&#8243; _builder_version=&#8220;4.16&#8243; custom_padding=&#8220;|||&#8220; global_colors_info=&#8220;{}&#8220; custom_padding__hover=&#8220;|||&#8220;][et_pb_blurb title=&#8220;EMail &#8220; use_icon=&#8220;on&#8220; font_icon=&#8220;&#xe080;||divi||400&#8243; icon_color=&#8220;#ed4441&#8243; image_icon_background_color=&#8220;rgba(255,255,255,0)&#8220; image_icon_width=&#8220;36px&#8220; _builder_version=&#8220;4.16&#8243; header_font=&#8220;Oswald|on||on|&#8220; header_text_color=&#8220;#1a1a1a&#8220; header_font_size=&#8220;24px&#8220; header_line_height=&#8220;1.9em&#8220; body_font=&#8220;Roboto||||&#8220; body_font_size=&#8220;16px&#8220; body_line_height=&#8220;1.8em&#8220; background_color=&#8220;#f4f4f4&#8243; background_size=&#8220;initial&#8220; background_position=&#8220;top_left&#8220; background_repeat=&#8220;repeat&#8220; image_icon_custom_padding=&#8220;25px|25px|25px|25px|false|false&#8220; text_orientation=&#8220;center&#8220; custom_padding=&#8220;60px||60px|&#8220; animation_style=&#8220;fold&#8220; animation_direction=&#8220;left&#8220; animation_intensity_fold=&#8220;41%&#8220; border_radii_image=&#8220;on|100%|100%|100%|100%&#8220; border_width_all_image=&#8220;3px&#8220; border_color_all_image=&#8220;#ed4441&#8243; icon_font_size=&#8220;36px&#8220; use_circle=&#8220;on&#8220; use_circle_border=&#8220;on&#8220; circle_border_color=&#8220;#ed4441&#8243; circle_color=&#8220;rgba(255,255,255,0)&#8220; global_colors_info=&#8220;{}&#8220; image_icon_background_color__sticky_enabled=&#8220;#2ea3f2&#8243; image_icon_background_color__sticky=&#8220;#2ea3f2&#8243;]<\/p>\n<p><a href=\"mailto:klaurein67@gmail.com\">klaurein67@gmail.com<\/a>\u00a0<\/p>\n<p>&nbsp;<\/p>\n<p>[\/et_pb_blurb][\/et_pb_column][\/et_pb_row][\/et_pb_section][et_pb_section fb_built=&#8220;1&#8243; admin_label=&#8220;Newsletter&#8220; _builder_version=&#8220;4.16&#8243; background_color=&#8220;rgba(0,0,0,0.5)&#8220; background_image=&#8220;https:\/\/hundeschule-klaudia-reinermann.de\/wp-content\/uploads\/2021\/05\/web12.jpeg&#8220; background_blend=&#8220;color&#8220; custom_margin=&#8220;-10px|||||&#8220; custom_padding=&#8220;120px||120px|&#8220; global_colors_info=&#8220;{}&#8220;][\/et_pb_section]<\/p>\n","protected":false},"excerpt":{"rendered":"<p>ImpressumAngaben gem\u00e4\u00df \u00a7 5 TMGKlaudia Reinermann Zertifizierte Hundetrainerin nach D.O.Q. Pro gem. \u00a7 11 TierSchG Hundeschule Klaudia Reinermann Hangenau 35 48301 Nottuln-Appelh\u00fclsen &nbsp; Kontakt: klaurein67@gmail.com &nbsp; Aufsichtsbeh\u00f6rde Veterin\u00e4ramt Coesfeld Daruper Str. 5 48653 Coesfeld &nbsp; EU-Streitschlichtung Die Europ\u00e4ische Kommission stellt eine Plattform zur Online-Streitbeilegung (OS) bereit:\u00a0https:\/\/ec.europa.eu\/consumers\/odr.Unsere E-Mail-Adresse finden Sie oben im Impressum. Haftung f\u00fcr Inhalte [&hellip;]<\/p>\n","protected":false},"author":1,"featured_media":0,"parent":0,"menu_order":0,"comment_status":"closed","ping_status":"closed","template":"","meta":{"_et_pb_use_builder":"on","_et_pb_old_content":"","_et_gb_content_width":"","footnotes":""},"class_list":["post-24714","page","type-page","status-publish","hentry"],"_links":{"self":[{"href":"https:\/\/hundeschule-klaudia-reinermann.de\/index.php?rest_route=\/wp\/v2\/pages\/24714","targetHints":{"allow":["GET"]}}],"collection":[{"href":"https:\/\/hundeschule-klaudia-reinermann.de\/index.php?rest_route=\/wp\/v2\/pages"}],"about":[{"href":"https:\/\/hundeschule-klaudia-reinermann.de\/index.php?rest_route=\/wp\/v2\/types\/page"}],"author":[{"embeddable":true,"href":"https:\/\/hundeschule-klaudia-reinermann.de\/index.php?rest_route=\/wp\/v2\/users\/1"}],"replies":[{"embeddable":true,"href":"https:\/\/hundeschule-klaudia-reinermann.de\/index.php?rest_route=%2Fwp%2Fv2%2Fcomments&post=24714"}],"version-history":[{"count":3,"href":"https:\/\/hundeschule-klaudia-reinermann.de\/index.php?rest_route=\/wp\/v2\/pages\/24714\/revisions"}],"predecessor-version":[{"id":25291,"href":"https:\/\/hundeschule-klaudia-reinermann.de\/index.php?rest_route=\/wp\/v2\/pages\/24714\/revisions\/25291"}],"wp:attachment":[{"href":"https:\/\/hundeschule-klaudia-reinermann.de\/index.php?rest_route=%2Fwp%2Fv2%2Fmedia&parent=24714"}],"curies":[{"name":"wp","href":"https:\/\/api.w.org\/{rel}","templated":true}]}}